{"id":1719,"date":"2019-04-16T11:31:11","date_gmt":"2019-04-16T11:31:11","guid":{"rendered":"http:\/\/www.mudita-shiatsu.de\/\/?page_id=1719"},"modified":"2025-01-02T15:46:23","modified_gmt":"2025-01-02T15:46:23","slug":"honorar","status":"publish","type":"page","link":"https:\/\/www.mudita-shiatsu.de\/?page_id=1719","title":{"rendered":"Honorar"},"content":{"rendered":"<p>Ich arbeite auf privater Honorarbasis und es besteht keine Zulassung zu gesetzlichen Krankenkassen und Beihilfestellen. In Einzelf\u00e4llen erstatten Private Krankenkassen oder die Beihilfe einen Teil des Betrages.<\/p>\n<p>Das Honorar wird sofort nach der Sitzung in bar f\u00e4llig.<\/p>\n<p>Vorauszahlungen k\u00f6nnen \u00fcberwiesen werden.<\/p>\n<ul>\n<li>Shiatsu 60 Minuten 80<em>,-\u20ac<\/em><\/li>\n<li>Shiatsu Coaching 90 Minuten 100<em>,-\u20ac<\/em><\/li>\n<li>Biodynamische Craniosacralarbeit <em><em>60<\/em><\/em> Minuten 80<em><em>,-\u20ac<\/em><\/em><\/li>\n<li>\u00d6lmassage 50 Minuten 65.<em>-\u20ac<\/em><\/li>\n<li>TAO Touch\u00aeKlangmassage 50 Minuten 65,-\u20ac<\/li>\n<li>Fu\u00df-relaxmassage 45 Minuten 50.-\u20ac<\/li>\n<\/ul>\n<p>Alle Preise sind incl.19% MwSt.<br \/>\nBei finanziellen Engp\u00e4ssen sprechen Sie mich an, wir finden eine L\u00f6sung.<\/p>\n<p><b>Alle Behandlungen sind auch als Gutscheine erh\u00e4ltlich.<br \/>\n<\/b><b>Verschenken Sie eine Stunde K\u00f6rperbewusstheit und Wohlf\u00fchlen!<\/b><\/p>\n","protected":false},"excerpt":{"rendered":"<p>Ich arbeite auf privater Honorarbasis und es besteht keine Zulassung zu gesetzlichen Krankenkassen und Beihilfestellen. In Einzelf\u00e4llen erstatten Private Krankenkassen oder die Beihilfe einen Teil des Betrages. Das Honorar wird sofort nach der Sitzung in bar f\u00e4llig. Vorauszahlungen k\u00f6nnen \u00fcberwiesen werden. Shiatsu 60 Minuten 80,-\u20ac Shiatsu Coaching 90 Minuten 100,-\u20ac Biodynamische Craniosacralarbeit 60 Minuten 80,-\u20ac \u00d6lmassage 50 Minuten 65.-\u20ac TAO Touch\u00aeKlangmassage 50 Minuten 65,-\u20ac Fu\u00df-relaxmassage 45 Minuten 50.-\u20ac Alle Preise sind incl.19% MwSt. Bei finanziellen Engp\u00e4ssen sprechen Sie mich an, [&hellip;]<\/p>\n","protected":false},"author":1,"featured_media":0,"parent":68,"menu_order":5,"comment_status":"closed","ping_status":"closed","template":"","meta":[],"_links":{"self":[{"href":"https:\/\/www.mudita-shiatsu.de\/index.php?rest_route=\/wp\/v2\/pages\/1719"}],"collection":[{"href":"https:\/\/www.mudita-shiatsu.de\/index.php?rest_route=\/wp\/v2\/pages"}],"about":[{"href":"https:\/\/www.mudita-shiatsu.de\/index.php?rest_route=\/wp\/v2\/types\/page"}],"author":[{"embeddable":true,"href":"https:\/\/www.mudita-shiatsu.de\/index.php?rest_route=\/wp\/v2\/users\/1"}],"replies":[{"embeddable":true,"href":"https:\/\/www.mudita-shiatsu.de\/index.php?rest_route=%2Fwp%2Fv2%2Fcomments&post=1719"}],"version-history":[{"count":8,"href":"https:\/\/www.mudita-shiatsu.de\/index.php?rest_route=\/wp\/v2\/pages\/1719\/revisions"}],"predecessor-version":[{"id":2009,"href":"https:\/\/www.mudita-shiatsu.de\/index.php?rest_route=\/wp\/v2\/pages\/1719\/revisions\/2009"}],"up":[{"embeddable":true,"href":"https:\/\/www.mudita-shiatsu.de\/index.php?rest_route=\/wp\/v2\/pages\/68"}],"wp:attachment":[{"href":"https:\/\/www.mudita-shiatsu.de\/index.php?rest_route=%2Fwp%2Fv2%2Fmedia&parent=1719"}],"curies":[{"name":"wp","href":"https:\/\/api.w.org\/{rel}","templated":true}]}}