{"id":2,"date":"2017-11-23T11:56:07","date_gmt":"2017-11-23T11:56:07","guid":{"rendered":"http:\/\/www.mudita-shiatsu.de\/\/?page_id=2"},"modified":"2022-11-28T09:35:21","modified_gmt":"2022-11-28T09:35:21","slug":"sample-page","status":"publish","type":"page","link":"https:\/\/www.mudita-shiatsu.de\/?page_id=2","title":{"rendered":"Mobiles Shiatsu"},"content":{"rendered":"<p><img decoding=\"async\" loading=\"lazy\" class=\"alignnone size-large wp-image-1032\" src=\"https:\/\/www.mudita-shiatsu.de\/\/wp-content\/uploads\/2019\/02\/mobiles_shatsu-5-1024x1024.jpg\" alt=\"\" width=\"660\" height=\"660\" \/><\/p>\n<h4>\u201eEffektive Kurzentspannung im Arbeitsalltag\u201c<\/h4>\n<p><img decoding=\"async\" loading=\"lazy\" class=\"mobiloptimiert\" src=\"https:\/\/www.mudita-shiatsu.de\/wp-content\/uploads\/2019\/02\/mobiles_shatsu-2-575x375.jpg\" alt=\"\" width=\"575\" height=\"375\" \/><\/p>\n<p>Seit 2009 biete ich allein oder im Team mit Kolleginnen Mobiles Shiatsu f\u00fcr interessierte Unternehmen, Firmen und bei besonderen Events an.<\/p>\n<p>Unser Angebot <b>Mobile Shiatsumassage am Arbeitsplatz<\/b> sorgt f\u00fcr umfassende Entspannung und Regeneration von denen Sie und Ihre Mitarbeiter sofort profitieren. Zus\u00e4tzlich kann die pers\u00f6nliche Entspannung f\u00fcr ein nachhaltig sp\u00fcrbar besseres Arbeitsklima der Mitarbeiter untereinander wirken und st\u00e4rkt das Bewusstsein f\u00fcr Selbstf\u00fcrsorge.<\/p>\n<p>In einer Arbeitswelt, die zunehmend von h\u00f6heren Anforderungen gekennzeichnet ist, wird es immer wichtiger Mitarbeiter\/innen gesund und motiviert zu halten. <b>Ein Mitarbeiter, der sich am Arbeitsplatz wohlf\u00fchlt, st\u00fctzt sein Unternehmen.<\/b><\/p>\n<p>Wir m\u00f6chten mit unserer <b>Mobilen Shiatsumassage<\/b> einen Beitrag dazu leisten, dass Sie und Ihre Mitarbeiter\/innen im Rahmen des Gesundheitsmanagements Ihres Unternehmens sowohl effektiv, als auch symptomvorbeugend begleitet werden.<\/p>\n<p><b>Wir kommen mit unseren Massagest\u00fchlen vor Ort<\/b> und bieten eine pers\u00f6nlich abgestimmte Shiatsubehandlung an.<span class=\"Apple-converted-space\">\u00a0<\/span><\/p>\n<p><b>Es wird am bekleideten K\u00f6rper gearbeitet<\/b>. Das hat den Vorteil, dass die Behandelten hinterher sofort wieder einsatzf\u00e4hig sind. Die Hemmschwelle des Entkleidens besteht nicht.<\/p>\n<p><b>Wir beziehen die Energiebahnen\/ Meridiane mit ein<\/b> und f\u00fchren Stretchings und Gelenkrotationen aus. Mit Halte-Druck- und Knettechniken behandeln wir individuelle Problemzonen:<\/p>\n<ul>\n<li>R\u00fccken,<span class=\"Apple-converted-space\">\u00a0<\/span><\/li>\n<li>Nacken,<span class=\"Apple-converted-space\">\u00a0<\/span><\/li>\n<li>Kopfbereich<\/li>\n<li>Arme<\/li>\n<li>Beine<\/li>\n<\/ul>\n<p><b>Durch die Tiefenentspannung regeneriert sich das gesamte Nervensystem in nur 20 Minuten<\/b>, Verspannungen k\u00f6nnen sich l\u00f6sen und es tritt ein allgemeines Wohlbefinden ein. Das Gehirn \u201ef\u00e4hrt aus dem Stressmodus herunter\u201c, und hat wieder Platz f\u00fcr neue Sichtweisen.<\/p>\n<p><b>Rahmenbedingungen<\/b><\/p>\n<p>Voraussetzung f\u00fcr die Durchf\u00fchrung an Ihrem Wunschort sind:<\/p>\n<ul>\n<li>Ein bel\u00fcftbarer Raum, ca. 20 qm<\/li>\n<li>20 Minuten pro Empf\u00e4nger + 5 Minuten zum Wechseln<\/li>\n<li>eine Liste der Teilnehmer (von uns zur Verf\u00fcgung gestellt), in die sich die TN im Abstand von 25 Minuten parallel eintragen<\/li>\n<li>Je nach Teilnehmerbedarf und -zahl kommen wir ein- bis viermal monatlich in die jeweiligen Institutionen, entweder zu zweit oder auch nur eine Behandlerin.<\/li>\n<li>Bei gr\u00f6\u00dferen Events sch\u00f6pfen wir aus einem Pool an freien MitarbeiterInnen<\/li>\n<\/ul>\n<p>Kostenpunkt:<\/p>\n<ul>\n<li>24 .- \u20ac pro Teilnehmer\/in<\/li>\n<li>Anfahrtskosten nach Absprache<\/li>\n<\/ul>\n<p>F\u00fcr die Finanzierung gibt es unterschiedliche M\u00f6glichkeiten:<\/p>\n<ul>\n<li>Der Betrieb \u00fcbernimmt die vollen Kosten, die im Rahmen des betrieblichen Gesundheitsmanagements <b>steuerlich absetzbar<\/b> sind.<\/li>\n<li>Der Betrieb \u00fcbernimmt einen Teil der Kosten, den Restbetrag bezahlen die TN in bar. Das ist nach unserer Erfahrung ein sehr bew\u00e4hrtes Modell.<\/li>\n<li>Die Teilnehmer bezahlen selbst.<\/li>\n<\/ul>\n<p><b>Zwanzig wertvolle Minuten, die den Unterschied machen:<\/b><\/p>\n<ul>\n<li><b>Besondere Gelegenheiten<\/b>, wie ein Jubil\u00e4um, Betriebsfeiern, zu Weihnachten oder f\u00fcr Gesundheitstage bieten sich an, unser Angebot auch einmalig als Geschenk f\u00fcr Ihre Mitarbeiter zu nutzen und sich selbst von der Wirkung zu \u00fcberzeugen<\/li>\n<\/ul>\n<p>Unsere Mobile Massage ist seit 2009 bew\u00e4hrt und durch zahlreiche positive R\u00fcckmeldungen best\u00e4tigt.<span class=\"Apple-converted-space\">\u00a0<\/span><\/p>\n<p><b>Teilnehmerstimmen:<\/b><\/p>\n<p>\u201e\u2026.wie neugeboren\u2026\u201c, \u201e\u2026jetzt sind die Dinge wieder an den richtigen Platz ger\u00fcckt\u2026\u201c \u2026\u201ceinfach wunderbar\u2026\u201c\u2026.\u201c Mein Kopfweh ist weg\u2026\u201c\u2026mein Bauchweh ist verschwunden\u2026\u201c\u2026\u201cf\u00fchle mich viel lebendiger\u2026\u201c\u2026\u201c R\u00fcckenschmerzen sind weniger \u2026\u201c, \u201e\u2026..sooo viel leichter, danke\u2026\u201c\u2026die beste Einrichtung \u00fcberhaupt im Betrieb\u2026\u201c\u2026so erleichternd, habe den Kopf wieder frei \u2026\u201c<\/p>\n<p><b>Referenzen:<\/b><\/p>\n<p><b>Mobiles Shiatsu am Arbeitsplatz<\/b><\/p>\n<ul>\n<li>Infiana, Forchheim &#8211; seit 2016<span class=\"Apple-converted-space\">\u00a0<\/span><\/li>\n<li>Mediengruppe Oberfranken Bamberg\/Kulmbach\/<br \/>\nCoburg seit<span class=\"Apple-converted-space\">\u00a0 <\/span>2016<span class=\"Apple-converted-space\">\u00a0<\/span><\/li>\n<li>Wieland Electric, seit 2015<span class=\"Apple-converted-space\">\u00a0<\/span><\/li>\n<li>Fa.Seggelke Bamberg &#8211; seit 2010<\/li>\n<li>Soziale Betriebe der Laufer M\u00fchle H\u00f6chstadt &#8211;<br \/>\nseit 2010<\/li>\n<li>Bfz Lichtenhaidestra\u00dfe Bamberg &#8211; seit 2009<\/li>\n<\/ul>\n<p><b>Mobiles Shiatsu an Aktionstagen und auf Messen<\/b><\/p>\n<ul>\n<li>Bundesweite Shiatsutage der GSD 2012 auf dem Maxplatz und im Klinikum Bamberg unter dem Motto \u201eGesundheit f\u00fcr alle\u201c<\/li>\n<li>Shiatsutage 2011 \/ 2010 \/ 2009<span class=\"Apple-converted-space\">\u00a0<\/span><\/li>\n<li>Gartenmesse Schloss Eyrichshof, Ebern &#8211; seit 2010<span class=\"Apple-converted-space\">\u00a0<\/span><\/li>\n<li>Gartenmesse LandLust K\u00f6nigsberg, 2011<\/li>\n<li>Bhakti Yoga Summer Event, 2012<\/li>\n<li>Lichtzelt im Hain, Bamberg, 2011,2012, 2014<\/li>\n<li>Bamberger Symphoniker 2010\/2011<\/li>\n<li>Jobcenter Bamberg, 2012<\/li>\n<li>Buchhandlung H\u00fcbscher Japan Aktionstag anl\u00e4sslich der Reaktorkatastrophe Fukushima, 2011<\/li>\n<li>Buchhandlung Collibri, 2010\/2011<\/li>\n<li>Landesgartenschau Bamberg, 2012<\/li>\n<li>Tourist-Information Bamberg, 2012<\/li>\n<li>Skroka Friseure Bamberg, 2011<\/li>\n<li>Apotheke Baier in der Hainstra\u00dfe, 2011<\/li>\n<li>Vitamin X in der Oberen K\u00f6nigstrasse 3, 2010<\/li>\n<li>Ibis Hotel Bamberg, 2013, 2014, 2017<\/li>\n<li>Naturkost Endres, 2010<\/li>\n<li>Naturkost Ebl, 2010<\/li>\n<\/ul>\n","protected":false},"excerpt":{"rendered":"<p>\u201eEffektive Kurzentspannung im Arbeitsalltag\u201c Seit 2009 biete ich allein oder im Team mit Kolleginnen Mobiles Shiatsu f\u00fcr interessierte Unternehmen, Firmen und bei besonderen Events an. Unser Angebot Mobile Shiatsumassage am Arbeitsplatz sorgt f\u00fcr umfassende Entspannung und Regeneration von denen Sie und Ihre Mitarbeiter sofort profitieren. Zus\u00e4tzlich kann die pers\u00f6nliche Entspannung f\u00fcr ein nachhaltig sp\u00fcrbar besseres Arbeitsklima der Mitarbeiter untereinander wirken und st\u00e4rkt das Bewusstsein f\u00fcr Selbstf\u00fcrsorge. In einer Arbeitswelt, die zunehmend von h\u00f6heren Anforderungen gekennzeichnet ist, wird es immer wichtiger [&hellip;]<\/p>\n","protected":false},"author":1,"featured_media":0,"parent":0,"menu_order":1,"comment_status":"closed","ping_status":"closed","template":"","meta":[],"_links":{"self":[{"href":"https:\/\/www.mudita-shiatsu.de\/index.php?rest_route=\/wp\/v2\/pages\/2"}],"collection":[{"href":"https:\/\/www.mudita-shiatsu.de\/index.php?rest_route=\/wp\/v2\/pages"}],"about":[{"href":"https:\/\/www.mudita-shiatsu.de\/index.php?rest_route=\/wp\/v2\/types\/page"}],"author":[{"embeddable":true,"href":"https:\/\/www.mudita-shiatsu.de\/index.php?rest_route=\/wp\/v2\/users\/1"}],"replies":[{"embeddable":true,"href":"https:\/\/www.mudita-shiatsu.de\/index.php?rest_route=%2Fwp%2Fv2%2Fcomments&post=2"}],"version-history":[{"count":34,"href":"https:\/\/www.mudita-shiatsu.de\/index.php?rest_route=\/wp\/v2\/pages\/2\/revisions"}],"predecessor-version":[{"id":1959,"href":"https:\/\/www.mudita-shiatsu.de\/index.php?rest_route=\/wp\/v2\/pages\/2\/revisions\/1959"}],"wp:attachment":[{"href":"https:\/\/www.mudita-shiatsu.de\/index.php?rest_route=%2Fwp%2Fv2%2Fmedia&parent=2"}],"curies":[{"name":"wp","href":"https:\/\/api.w.org\/{rel}","templated":true}]}}