{"id":212,"date":"2018-11-22T12:11:34","date_gmt":"2018-11-22T12:11:34","guid":{"rendered":"http:\/\/www.mudita-shiatsu.de\/\/?page_id=212"},"modified":"2022-11-30T15:01:27","modified_gmt":"2022-11-30T15:01:27","slug":"uber-mich","status":"publish","type":"page","link":"https:\/\/www.mudita-shiatsu.de\/?page_id=212","title":{"rendered":"\u00dcber Mich"},"content":{"rendered":"<p><img decoding=\"async\" loading=\"lazy\" class=\"alignnone wp-image-816 size-large\" src=\"https:\/\/www.mudita-shiatsu.de\/\/wp-content\/uploads\/2020\/09\/nina_schimetzek_sq.jpg\" alt=\"\" width=\"860\" height=\"860\" \/><\/p>\n<h3>Anna Katharina Schimetzek<\/h3>\n<h4>Seit 1997 bin ich mit Shiatsu und Craniosacralarbeit in eigener Praxis t\u00e4tig und biete seit 2009<span class=\"Apple-converted-space\">\u00a0<\/span>zus\u00e4tzlich Mobiles Shiatsu in Firmen, auf Kongressen und Events an.<\/h4>\n<p>Das erste Mal als ich selbst Shiatsu bekam, war ich v\u00f6llig begeistert von dem neuen, \u201eweiten\u201c K\u00f6rpergef\u00fchl, dass sich er\u00f6ffnete und der Geborgenheit, die ich durch die wertungsfreie Ber\u00fchrung sp\u00fcrte.<\/p>\n<p>Das wollte ich unbedingt lernen, diese Kunst der Ber\u00fchrung! <span class=\"Apple-converted-space\">\u00a0<\/span><\/p>\n<p>Es folgte intensives Studieren der verschiedenen Techniken, Modelle und Methoden, Auseinandersetzung mit mir selbst, die Wahrnehmung der vielschichtigen Ebenen, die durch K\u00f6rperarbeit sensibilisiert wird, immer feiner werden lassen\u2026ein lebenslanger Prozess\u2026\u201cLife-Long-Learning\u201c, wie meine Craniolehrer Michael Shea es nennt.<span class=\"Apple-converted-space\">\u00a0<\/span><\/p>\n<p>Ich bin dankbar f\u00fcr all die Lehrer und Lehrerinnen, die mich auf meinem Weg begleitet und gef\u00fchrt haben.<span class=\"Apple-converted-space\">\u00a0<\/span><\/p>\n<p>Dankbar, eine Arbeit zu tun, die mir tiefe Freude macht und dankbar all meinen Klienten und Klientinnen, die sich f\u00fcr Shiatsu, Cranio und K\u00f6rperarbeit begeistern lassen.<\/p>\n<p><b>Ausrichtung in meiner Arbeit:<\/b><\/p>\n<p>Mein Interesse gilt schon lange den Zusammenh\u00e4ngen zwischen unseren Gef\u00fchlen, Emotionen, unseren mentalen Einstellungen und der k\u00f6rperlichen Befindlichkeit.\u00a0<span style=\"font-size: 1rem;\">Erkenntnisse der Neurobiologie, Neuropsychologie und aus traditionellen Weisheitslehren, die uns unterst\u00fctzen, die Ganzheit unserer selbst anzuerkennen bilden den Hintergrund meiner Arbeit.<\/span><\/p>\n<p>Dieses \u201eSich Ganz F\u00fchlen\u201c bedeutet Gesundheit in all ihren verschiedenen Facetten.<\/p>\n<p>Der K\u00f6rper zeigt diesen Zustand deutlich durch einen erh\u00f6hten Energiefluss, ein gest\u00e4rktes Immunsystem und eine gute Kommunikation der Zellen untereinander.<span class=\"Apple-converted-space\">\u00a0<\/span><span style=\"font-size: 1rem;\">Schmerzen oder Symptome, mit denen wir in \u201eBer\u00fchrung\u201c kommen, k\u00f6nnen leichter angenommen und integriert werden und somit auch leichter verschwinden.<\/span><\/p>\n<p><b style=\"font-size: 1rem;\">Ich freue mich darauf, mein Wissen und meine Erfahrung in der K\u00f6rperarbeit mit Ihnen zu teilen!<\/b><\/p>\n<p>Au\u00dferdem vernetze ich mich gerne mit Menschen, Institutionen und Projekten, die einen sozialen, \u00f6kologischen oder ganzheitlichen Ansatz haben.<\/p>\n<p><b><br \/>\nAusbildungen<\/b><\/p>\n<ul>\n<li>1978 -1986 Sozialp\u00e4dagogikstudium an der Gesamthochschule Bamberg<\/li>\n<li>1990 -1992 Ausbildung zur Masseurin und Med. Bademeisterin, Massageschule F\u00fcrth<\/li>\n<li>Anerkennungsjahr in der Klinik Bruneck am Tegernsee<\/li>\n<\/ul>\n<p><b><br \/>\nZertifizierte K\u00f6rpertherapieausbildungen<\/b><\/p>\n<ul>\n<li>1986-88 Shiatsupractioner<span class=\"Apple-converted-space\">\u00a0 <\/span>IMI Kiental(Ch)<\/li>\n<li>1995-2000 Biodynamische Craniosacraltherapeutin<span class=\"Apple-converted-space\">\u00a0 <\/span>ISBC Kiental(Ch)<\/li>\n<li>1989 NLP Practioner THINK Freiburg<\/li>\n<li>1992 Nowotny Bewegungstherapeutin Klinik Bruneck, Tegernsee<\/li>\n<li>2013 TAOTouch\u00ae 5 Elemente Klangtherapeutin<span class=\"Apple-converted-space\">\u00a0 <\/span>Bayreuth<\/li>\n<li>2022 Abschluss Therapeutin f\u00fcr Cardiovaskul\u00e4re Biodynamik bei Michael Shea<\/li>\n<li>seit 2021 in Fortbildung Akademie Birth Yourself Pr\u00e4natale Biodynamik bei Uwe Baumann<\/li>\n<\/ul>\n<p><b>Langj\u00e4hrige Fortbildungen<\/b> in Prozessarbeit, Shiatsu, Biodynamischer Craniosacralarbeit, Viszerale Arbeit, Kinesiologie, 5 Elemente Kochen, Watsu und WATA, Imagination , Achtsamkeitspraxis<\/p>\n<p><b>Regelm\u00e4\u00dfiges Assistieren in Biodynamischen Craniosacralausbildungen <\/b>seit 1997 bei Friedrich Wolf, Michael Shea<\/p>\n<p><b>Regelm\u00e4\u00dfige \u00dcbersetzungst\u00e4tigkeit<span class=\"Apple-converted-space\">\u00a0 <\/span>von Englisch ins Deutsche <\/b>auf Biodynamische Craniosacralausbildungen bei Michael Shea<b> <\/b>und work shops von Dr. Roberto Kaplan (ganzheitliche Augenheilkunde)<\/p>\n<p><b>Selbsterfahrung<\/b> mit Bioenergetik, Qi Gong, Tanz, Obertonmusik und heilenden Kl\u00e4nge<\/p>\n","protected":false},"excerpt":{"rendered":"<p>Anna Katharina Schimetzek Seit 1997 bin ich mit Shiatsu und Craniosacralarbeit in eigener Praxis t\u00e4tig und biete seit 2009\u00a0zus\u00e4tzlich Mobiles Shiatsu in Firmen, auf Kongressen und Events an. Das erste Mal als ich selbst Shiatsu bekam, war ich v\u00f6llig begeistert von dem neuen, \u201eweiten\u201c K\u00f6rpergef\u00fchl, dass sich er\u00f6ffnete und der Geborgenheit, die ich durch die wertungsfreie Ber\u00fchrung sp\u00fcrte. Das wollte ich unbedingt lernen, diese Kunst der Ber\u00fchrung! \u00a0 Es folgte intensives Studieren der verschiedenen Techniken, Modelle und Methoden, Auseinandersetzung mit [&hellip;]<\/p>\n","protected":false},"author":1,"featured_media":0,"parent":0,"menu_order":3,"comment_status":"closed","ping_status":"closed","template":"","meta":[],"_links":{"self":[{"href":"https:\/\/www.mudita-shiatsu.de\/index.php?rest_route=\/wp\/v2\/pages\/212"}],"collection":[{"href":"https:\/\/www.mudita-shiatsu.de\/index.php?rest_route=\/wp\/v2\/pages"}],"about":[{"href":"https:\/\/www.mudita-shiatsu.de\/index.php?rest_route=\/wp\/v2\/types\/page"}],"author":[{"embeddable":true,"href":"https:\/\/www.mudita-shiatsu.de\/index.php?rest_route=\/wp\/v2\/users\/1"}],"replies":[{"embeddable":true,"href":"https:\/\/www.mudita-shiatsu.de\/index.php?rest_route=%2Fwp%2Fv2%2Fcomments&post=212"}],"version-history":[{"count":61,"href":"https:\/\/www.mudita-shiatsu.de\/index.php?rest_route=\/wp\/v2\/pages\/212\/revisions"}],"predecessor-version":[{"id":1975,"href":"https:\/\/www.mudita-shiatsu.de\/index.php?rest_route=\/wp\/v2\/pages\/212\/revisions\/1975"}],"wp:attachment":[{"href":"https:\/\/www.mudita-shiatsu.de\/index.php?rest_route=%2Fwp%2Fv2%2Fmedia&parent=212"}],"curies":[{"name":"wp","href":"https:\/\/api.w.org\/{rel}","templated":true}]}}