{"id":214,"date":"2018-11-22T12:11:58","date_gmt":"2018-11-22T12:11:58","guid":{"rendered":"http:\/\/www.mudita-shiatsu.de\/\/?page_id=214"},"modified":"2023-12-25T14:51:47","modified_gmt":"2023-12-25T14:51:47","slug":"rechtliches-praktisches","status":"publish","type":"page","link":"https:\/\/www.mudita-shiatsu.de\/?page_id=214","title":{"rendered":"Praktisches"},"content":{"rendered":"<p><strong>Infos zur derzeitigen Situation:<\/strong><\/p>\n<p><span style=\"font-size: 1rem;\">Bitte sagen Sie Ihren Termin ab, wenn Sie unter Husten, Schnupfen, Grippe-und Erk\u00e4ltungssysmptomen leiden oder positiv getestet sind. Nach einer Impfung bitte ca.14 Tage mit einer Terminvereinbarung warten<\/span><\/p>\n<p><b>Rechtliches und Praktisches<\/b><\/p>\n<p>Eine Behandlung inklusive Gespr\u00e4ch dauert ungef\u00e4hr 1\u00bd Stunden.<\/p>\n<p>Bringen Sie bitte bequeme Kleidung (Baumwollhose, Sportkleidung o.\u00e4.) mit.<\/p>\n<p>Die letzte gro\u00dfe Mahlzeit sollte zwei Stunden zur\u00fcckliegen, damit ihr k\u00f6rperliches System nicht zu viel mit Verdauen besch\u00e4ftigt ist, sondern den neuen Input der Behandlung ungehindert aufnehmen kann.<span class=\"Apple-converted-space\">\u00a0<\/span><\/p>\n<p>Falls Sie einen vereinbarten Termin nicht einhalten k\u00f6nnen, sagen Sie bitte sp\u00e4testens 24 Stunden vorher ab. Ansonsten berechne ich den halben Preis einer Behandlung.<\/p>\n<p>Meine<span class=\"Apple-converted-space\">\u00a0 <\/span>Preise finden Sie unter den Angeboten.<\/p>\n<p>Der Berufsverband der Shiatsu-PraktikerInnen in Deutschland (GSD) und der Cranioverband ist seit Jahren bem\u00fcht, eine Kosten\u00fcbernahme durch die Krankenkassen zu erreichen. Nach augenblicklichem Stand k\u00f6nnen die Behandlungen leider nicht von den Krankenkassen abgerechnet werden.<\/p>\n<p><b>Eine energetische K\u00f6rperarbeit-Behandlung ersetzt nicht den Besuch bei einem Arzt, Heilpraktiker oder Psychotherapeuten. Nach gesetzlichem Stand obliegt allein diesen Berufsgruppen die T\u00e4tigkeit des Heilens.<\/b><\/p>\n","protected":false},"excerpt":{"rendered":"<p>Infos zur derzeitigen Situation: Bitte sagen Sie Ihren Termin ab, wenn Sie unter Husten, Schnupfen, Grippe-und Erk\u00e4ltungssysmptomen leiden oder positiv getestet sind. Nach einer Impfung bitte ca.14 Tage mit einer Terminvereinbarung warten Rechtliches und Praktisches Eine Behandlung inklusive Gespr\u00e4ch dauert ungef\u00e4hr 1\u00bd Stunden. Bringen Sie bitte bequeme Kleidung (Baumwollhose, Sportkleidung o.\u00e4.) mit. Die letzte gro\u00dfe Mahlzeit sollte zwei Stunden zur\u00fcckliegen, damit ihr k\u00f6rperliches System nicht zu viel mit Verdauen besch\u00e4ftigt ist, sondern den neuen Input der Behandlung ungehindert aufnehmen kann.\u00a0 [&hellip;]<\/p>\n","protected":false},"author":1,"featured_media":0,"parent":0,"menu_order":6,"comment_status":"closed","ping_status":"closed","template":"","meta":[],"_links":{"self":[{"href":"https:\/\/www.mudita-shiatsu.de\/index.php?rest_route=\/wp\/v2\/pages\/214"}],"collection":[{"href":"https:\/\/www.mudita-shiatsu.de\/index.php?rest_route=\/wp\/v2\/pages"}],"about":[{"href":"https:\/\/www.mudita-shiatsu.de\/index.php?rest_route=\/wp\/v2\/types\/page"}],"author":[{"embeddable":true,"href":"https:\/\/www.mudita-shiatsu.de\/index.php?rest_route=\/wp\/v2\/users\/1"}],"replies":[{"embeddable":true,"href":"https:\/\/www.mudita-shiatsu.de\/index.php?rest_route=%2Fwp%2Fv2%2Fcomments&post=214"}],"version-history":[{"count":13,"href":"https:\/\/www.mudita-shiatsu.de\/index.php?rest_route=\/wp\/v2\/pages\/214\/revisions"}],"predecessor-version":[{"id":2006,"href":"https:\/\/www.mudita-shiatsu.de\/index.php?rest_route=\/wp\/v2\/pages\/214\/revisions\/2006"}],"wp:attachment":[{"href":"https:\/\/www.mudita-shiatsu.de\/index.php?rest_route=%2Fwp%2Fv2%2Fmedia&parent=214"}],"curies":[{"name":"wp","href":"https:\/\/api.w.org\/{rel}","templated":true}]}}