{"id":284,"date":"2018-11-22T18:23:24","date_gmt":"2018-11-22T18:23:24","guid":{"rendered":"http:\/\/www.mudita-shiatsu.de\/\/?page_id=284"},"modified":"2019-06-04T13:48:58","modified_gmt":"2019-06-04T13:48:58","slug":"shiatsu","status":"publish","type":"page","link":"https:\/\/www.mudita-shiatsu.de\/?page_id=284","title":{"rendered":"Shiatsu"},"content":{"rendered":"<p><img decoding=\"async\" loading=\"lazy\" src=\"https:\/\/www.mudita-shiatsu.de\/wp-content\/uploads\/2019\/04\/shiatsu_ps-575x375.jpg\" alt=\"\" width=\"575\" height=\"375\" class=\"alignnone size-medium wp-image-1743\" \/><\/p>\n<h4><em>\u201eSich n\u00e4hren lassen\u201c<\/em><\/h4>\n<p><img decoding=\"async\" loading=\"lazy\" src=\"https:\/\/www.mudita-shiatsu.de\/wp-content\/uploads\/2019\/04\/shiatsu_ps-575x375.jpg\" alt=\"\" width=\"575\" height=\"375\" class=\"mobiloptimiert\" \/><\/p>\n<p><span style=\"font-size: 1rem; font-weight: 400;\">Shiatsu ist eine K\u00f6rpertherapieform, die urspr\u00fcnglich aus Japan kommt und auf dem Hintergrund der chinesischen Medizin und der Denkweise des F\u00fcnf Elemente Modells arbeitet.<\/span><\/p>\n<p>Das Modell der F\u00fcnf Elemente, Erde, Metall, Wasser, Holz und Feuer und die Ausrichtung an den Energie-Leitbahnen, den Meridianen schaffen eine Verbindung von unserer k\u00f6rperlichen zur emotionalen Befindlichkeit und zu unseren Lebensumst\u00e4nden und helfen unseren aktuellen Lebenszyklus besser zu verstehen.<span class=\"Apple-converted-space\">\u00a0<\/span><\/p>\n<p>Schmerz, Symptome und Blockaden sind ein Hinweis darauf, dass unser KI, unsere Lebenskraft stagniert.<\/p>\n<p><b>Shiatsu<\/b> bewegt das KI und bringt es ins Flie\u00dfen, verbindet uns durch klare direkte Ber\u00fchrung wieder mit uns selbst. Es bringt uns in die innere Mitte. Im lebendigen Gleichgewicht kann sich auch die innere Haltung ver\u00e4ndern. Wir sp\u00fcren, was wir wirklich wollen und entwickeln eine neue Sensibilit\u00e4t im Alltag.<\/p>\n<p>Zuerst erfolgt ein kurzes Anamnese-Gespr\u00e4ch, in dem wir die Ausrichtung der Behandlung erkunden. Medizinische Diagnosen werden nicht erstellt.<\/p>\n<p>Die Behandlung selbst findet bekleidet am Boden auf einem speziellen body cushion statt. Finger-Daumen-Handballendruck, Gelenkrotationen und Dehnen der Meridiane, rhythmisches Wiegen und sanftes Halten sind Teil der Technik. Als Behandlerin arbeite ich achtsam aus dem Hara, der K\u00f6rpermitte heraus.<span class=\"Apple-converted-space\">\u00a0<\/span><\/p>\n<p>Im <b>Shiatsu Coaching <\/b>erforschen wir ein von Ihnen mitgebrachtes Thema (z.B. aus dem Bereich Gesundheit, Lebensver\u00e4nderung, Berufliche Situation etc.) mit einem intensiven Anamnesegespr\u00e4ch . Grundlage bildet ein Fragebogen nach den 5 Elementen. Wir arbeiten Schwachstellen und Ressourcen der Elementeverteilung heraus, entwickeln einen Handlungsplan und integrieren die Erkenntnisse in der Behandlung.<span class=\"Apple-converted-space\">\u00a0<\/span><\/p>\n","protected":false},"excerpt":{"rendered":"<p>\u201eSich n\u00e4hren lassen\u201c Shiatsu ist eine K\u00f6rpertherapieform, die urspr\u00fcnglich aus Japan kommt und auf dem Hintergrund der chinesischen Medizin und der Denkweise des F\u00fcnf Elemente Modells arbeitet. Das Modell der F\u00fcnf Elemente, Erde, Metall, Wasser, Holz und Feuer und die Ausrichtung an den Energie-Leitbahnen, den Meridianen schaffen eine Verbindung von unserer k\u00f6rperlichen zur emotionalen Befindlichkeit und zu unseren Lebensumst\u00e4nden und helfen unseren aktuellen Lebenszyklus besser zu verstehen.\u00a0 Schmerz, Symptome und Blockaden sind ein Hinweis darauf, dass unser KI, unsere Lebenskraft [&hellip;]<\/p>\n","protected":false},"author":1,"featured_media":0,"parent":68,"menu_order":1,"comment_status":"closed","ping_status":"closed","template":"","meta":[],"_links":{"self":[{"href":"https:\/\/www.mudita-shiatsu.de\/index.php?rest_route=\/wp\/v2\/pages\/284"}],"collection":[{"href":"https:\/\/www.mudita-shiatsu.de\/index.php?rest_route=\/wp\/v2\/pages"}],"about":[{"href":"https:\/\/www.mudita-shiatsu.de\/index.php?rest_route=\/wp\/v2\/types\/page"}],"author":[{"embeddable":true,"href":"https:\/\/www.mudita-shiatsu.de\/index.php?rest_route=\/wp\/v2\/users\/1"}],"replies":[{"embeddable":true,"href":"https:\/\/www.mudita-shiatsu.de\/index.php?rest_route=%2Fwp%2Fv2%2Fcomments&post=284"}],"version-history":[{"count":26,"href":"https:\/\/www.mudita-shiatsu.de\/index.php?rest_route=\/wp\/v2\/pages\/284\/revisions"}],"predecessor-version":[{"id":1854,"href":"https:\/\/www.mudita-shiatsu.de\/index.php?rest_route=\/wp\/v2\/pages\/284\/revisions\/1854"}],"up":[{"embeddable":true,"href":"https:\/\/www.mudita-shiatsu.de\/index.php?rest_route=\/wp\/v2\/pages\/68"}],"wp:attachment":[{"href":"https:\/\/www.mudita-shiatsu.de\/index.php?rest_route=%2Fwp%2Fv2%2Fmedia&parent=284"}],"curies":[{"name":"wp","href":"https:\/\/api.w.org\/{rel}","templated":true}]}}