{"id":291,"date":"2018-11-22T18:25:34","date_gmt":"2018-11-22T18:25:34","guid":{"rendered":"http:\/\/www.mudita-shiatsu.de\/\/?page_id=291"},"modified":"2019-06-04T13:51:23","modified_gmt":"2019-06-04T13:51:23","slug":"taotouch-klangmassage","status":"publish","type":"page","link":"https:\/\/www.mudita-shiatsu.de\/?page_id=291","title":{"rendered":"Tao &#8211; Touch\u00ae Klangmassage"},"content":{"rendered":"<p><img decoding=\"async\" loading=\"lazy\" src=\"https:\/\/www.mudita-shiatsu.de\/\/wp-content\/uploads\/2019\/02\/klang-1-1024x1024.jpg\" alt=\"\" width=\"660\" height=\"660\" class=\"alignnone size-large wp-image-1052\" \/><\/p>\n<h4><em>\u201eMit sich in Einklang schwingen\u201c<\/em><\/h4>\n<p><img decoding=\"async\" loading=\"lazy\" src=\"https:\/\/www.mudita-shiatsu.de\/wp-content\/uploads\/2019\/02\/tao_klang-2-575x375.jpg\" alt=\"\" width=\"575\" height=\"375\" class=\"mobiloptimiert\" \/><\/p>\n<p>Klang ist Schwingung und jede Schwingung beeinflusst auf unterschiedliche Weise unser K\u00f6rperenergiesystem.<span class=\"Apple-converted-space\">\u00a0<\/span><\/p>\n<p>Die obertonreichen Schwingungen der Schalen erreichen uns<br \/>\n\u00fcber die Knochen, das K\u00f6rperwasser und das Bindegewebe. Die Vibrationen gelangen bis in jede einzelne Zelle. Die \u201ebeklungenen\u201c Zellen erh\u00f6hen ihren Stoffwechsel. Es kommt zu Entgiftungs- und Ents\u00e4uerungsprozessen.<\/p>\n<p><b><br \/>\n<\/b>Energiebahnen<span class=\"Apple-converted-space\">\u00a0 <\/span>sind Durchgangsstellen f\u00fcr das KI, die Lebensenergie eines Menschen. Werden sie angeklungen, verbessert sich die Beweglichkeit, Schmerzen und Spannungen k\u00f6nnen abflie\u00dfen.<br \/>\nDie Feinheit und Vielfalt der T\u00f6ne und Vibrationen regen nicht nur unsere Zellen und Organe an, sondern \u00f6ffnen auch R\u00e4ume unserer Seele, wir k\u00f6nnen unsere innere Stimme, unsere Intuition wieder besser wahrnehmen.<\/p>\n<p>Das Besondere an der Tao Touch\u00ae Klangmassage ist ihre Ausrichtung an den F\u00fcnf Elementen und dem Meridiansystem, demselben System, das auch die Grundlage von Shiatsu bildet.<\/p>\n<p>So ist der Fokus verst\u00e4rkt auf den feinen, energetischen Bereich des K\u00f6rpersystems gerichtet.<span class=\"Apple-converted-space\">\u00a0<\/span><\/p>\n<p>Ich kombiniere eine Klangmassage mit individuell vorbereitenden \u00dcbungen und Ber\u00fchrung, so dass der K\u00f6rper gut vorbereitet ist, die feinen Frequenzen zu leiten. Zum Einsatz kommen 8 Tibetschalen einer Klangfamilie, ein Sonnen Gong und auch das Didgeridoo.<\/p>\n","protected":false},"excerpt":{"rendered":"<p>\u201eMit sich in Einklang schwingen\u201c Klang ist Schwingung und jede Schwingung beeinflusst auf unterschiedliche Weise unser K\u00f6rperenergiesystem.\u00a0 Die obertonreichen Schwingungen der Schalen erreichen uns \u00fcber die Knochen, das K\u00f6rperwasser und das Bindegewebe. Die Vibrationen gelangen bis in jede einzelne Zelle. Die \u201ebeklungenen\u201c Zellen erh\u00f6hen ihren Stoffwechsel. Es kommt zu Entgiftungs- und Ents\u00e4uerungsprozessen. Energiebahnen\u00a0 sind Durchgangsstellen f\u00fcr das KI, die Lebensenergie eines Menschen. Werden sie angeklungen, verbessert sich die Beweglichkeit, Schmerzen und Spannungen k\u00f6nnen abflie\u00dfen. Die Feinheit und Vielfalt der T\u00f6ne [&hellip;]<\/p>\n","protected":false},"author":1,"featured_media":0,"parent":68,"menu_order":3,"comment_status":"closed","ping_status":"closed","template":"","meta":[],"_links":{"self":[{"href":"https:\/\/www.mudita-shiatsu.de\/index.php?rest_route=\/wp\/v2\/pages\/291"}],"collection":[{"href":"https:\/\/www.mudita-shiatsu.de\/index.php?rest_route=\/wp\/v2\/pages"}],"about":[{"href":"https:\/\/www.mudita-shiatsu.de\/index.php?rest_route=\/wp\/v2\/types\/page"}],"author":[{"embeddable":true,"href":"https:\/\/www.mudita-shiatsu.de\/index.php?rest_route=\/wp\/v2\/users\/1"}],"replies":[{"embeddable":true,"href":"https:\/\/www.mudita-shiatsu.de\/index.php?rest_route=%2Fwp%2Fv2%2Fcomments&post=291"}],"version-history":[{"count":7,"href":"https:\/\/www.mudita-shiatsu.de\/index.php?rest_route=\/wp\/v2\/pages\/291\/revisions"}],"predecessor-version":[{"id":1856,"href":"https:\/\/www.mudita-shiatsu.de\/index.php?rest_route=\/wp\/v2\/pages\/291\/revisions\/1856"}],"up":[{"embeddable":true,"href":"https:\/\/www.mudita-shiatsu.de\/index.php?rest_route=\/wp\/v2\/pages\/68"}],"wp:attachment":[{"href":"https:\/\/www.mudita-shiatsu.de\/index.php?rest_route=%2Fwp%2Fv2%2Fmedia&parent=291"}],"curies":[{"name":"wp","href":"https:\/\/api.w.org\/{rel}","templated":true}]}}