{"id":889,"date":"2019-02-25T02:38:29","date_gmt":"2019-02-25T02:38:29","guid":{"rendered":"http:\/\/www.mudita-shiatsu.de\/\/?page_id=889"},"modified":"2020-08-04T12:58:09","modified_gmt":"2020-08-04T12:58:09","slug":"herzlich-willkommen","status":"publish","type":"page","link":"https:\/\/www.mudita-shiatsu.de\/","title":{"rendered":"Anna Katharina Schimetzek"},"content":{"rendered":"<h4><em>\u2013 Mudita Shiatsu in Bamberg<\/em><\/h4>\n<p><img decoding=\"async\" loading=\"lazy\" class=\"alignnone size-large wp-image-1048\" src=\"https:\/\/www.mudita-shiatsu.de\/\/wp-content\/uploads\/2019\/02\/cranio_hoch-1024x1024.jpg\" alt=\"\" width=\"660\" height=\"660\" \/><\/p>\n<div>\n<p class=\"intro\">\nHerzlich Willkommen!<\/p>\n<p>Mit meiner Intuition und langj\u00e4hriger Erfahrung in Shiatsu, Biodynamischer Craniosacralarbeit und weiteren Methoden\u00a0der K\u00f6rperarbeit m\u00f6chte ich Sie unterst\u00fctzen einen Weg zu finden, der Sie zu Wohlbefinden und K\u00f6rperbewusstsein f\u00fchrt. In der Tiefenentspannung kann der K\u00f6rper und somit das ganze Energiesystem auftanken und in die Selbstregulation gelangen.<\/p>\n<p>Ich freue mich auf Sie!<br \/>\n<i>Anna Katharina Schimetzek<\/i><\/p>\n<p>&nbsp;<\/p>\n<\/div>\n<p><img decoding=\"async\" loading=\"lazy\" class=\"mobiloptimiert\" src=\"https:\/\/www.mudita-shiatsu.de\/wp-content\/uploads\/2019\/02\/startseite-4-575x375.jpg\" alt=\"\" width=\"575\" height=\"375\" \/><\/p>\n<div><\/div>\n<p class=\"zitat\">\u201eDer K\u00f6rper f\u00fchrt in die Gef\u00fchle<br \/>\nDie Gef\u00fchle f\u00fchren ins Herz<br \/>\nDas Herz f\u00fchrt ins Sein\u201c<br \/>\n<i>A. Lowen<\/i><\/p>\n","protected":false},"excerpt":{"rendered":"<p>\u2013 Mudita Shiatsu in Bamberg Herzlich Willkommen! Mit meiner Intuition und langj\u00e4hriger Erfahrung in Shiatsu, Biodynamischer Craniosacralarbeit und weiteren Methoden\u00a0der K\u00f6rperarbeit m\u00f6chte ich Sie unterst\u00fctzen einen Weg zu finden, der Sie zu Wohlbefinden und K\u00f6rperbewusstsein f\u00fchrt. In der Tiefenentspannung kann der K\u00f6rper und somit das ganze Energiesystem auftanken und in die Selbstregulation gelangen. Ich freue mich auf Sie! Anna Katharina Schimetzek &nbsp; \u201eDer K\u00f6rper f\u00fchrt in die Gef\u00fchle Die Gef\u00fchle f\u00fchren ins Herz Das Herz f\u00fchrt ins Sein\u201c A. Lowen<\/p>\n","protected":false},"author":1,"featured_media":0,"parent":0,"menu_order":0,"comment_status":"closed","ping_status":"closed","template":"","meta":[],"_links":{"self":[{"href":"https:\/\/www.mudita-shiatsu.de\/index.php?rest_route=\/wp\/v2\/pages\/889"}],"collection":[{"href":"https:\/\/www.mudita-shiatsu.de\/index.php?rest_route=\/wp\/v2\/pages"}],"about":[{"href":"https:\/\/www.mudita-shiatsu.de\/index.php?rest_route=\/wp\/v2\/types\/page"}],"author":[{"embeddable":true,"href":"https:\/\/www.mudita-shiatsu.de\/index.php?rest_route=\/wp\/v2\/users\/1"}],"replies":[{"embeddable":true,"href":"https:\/\/www.mudita-shiatsu.de\/index.php?rest_route=%2Fwp%2Fv2%2Fcomments&post=889"}],"version-history":[{"count":45,"href":"https:\/\/www.mudita-shiatsu.de\/index.php?rest_route=\/wp\/v2\/pages\/889\/revisions"}],"predecessor-version":[{"id":1918,"href":"https:\/\/www.mudita-shiatsu.de\/index.php?rest_route=\/wp\/v2\/pages\/889\/revisions\/1918"}],"wp:attachment":[{"href":"https:\/\/www.mudita-shiatsu.de\/index.php?rest_route=%2Fwp%2Fv2%2Fmedia&parent=889"}],"curies":[{"name":"wp","href":"https:\/\/api.w.org\/{rel}","templated":true}]}}